{"id":11691,"date":"2024-12-12T10:52:23","date_gmt":"2024-12-12T15:52:23","guid":{"rendered":"https:\/\/mcfaille.com\/?page_id=11691"},"modified":"2024-12-12T11:06:54","modified_gmt":"2024-12-12T16:06:54","slug":"lacupuncture-et-lacne","status":"publish","type":"page","link":"https:\/\/mcfaille.com\/index.php\/lacupuncture-et-lacne\/","title":{"rendered":"L\u2019acupuncture et l&rsquo;acn\u00e9"},"content":{"rendered":"","protected":false},"excerpt":{"rendered":"","protected":false},"author":1,"featured_media":0,"parent":0,"menu_order":0,"comment_status":"closed","ping_status":"closed","template":"","meta":{"slim_seo":{"title":"L\u2019acupuncture et l'acn\u00e9","description":"L\u2019acupuncture offre une approche holistique pour r\u00e9duire l\u2019acn\u00e9 en agissant sur les d\u00e9s\u00e9quilibres internes responsables des imperfections cutan\u00e9es."},"footnotes":""},"class_list":["post-11691","page","type-page","status-publish","hentry"],"_links":{"self":[{"href":"https:\/\/mcfaille.com\/index.php\/wp-json\/wp\/v2\/pages\/11691","targetHints":{"allow":["GET"]}}],"collection":[{"href":"https:\/\/mcfaille.com\/index.php\/wp-json\/wp\/v2\/pages"}],"about":[{"href":"https:\/\/mcfaille.com\/index.php\/wp-json\/wp\/v2\/types\/page"}],"author":[{"embeddable":true,"href":"https:\/\/mcfaille.com\/index.php\/wp-json\/wp\/v2\/users\/1"}],"replies":[{"embeddable":true,"href":"https:\/\/mcfaille.com\/index.php\/wp-json\/wp\/v2\/comments?post=11691"}],"version-history":[{"count":5,"href":"https:\/\/mcfaille.com\/index.php\/wp-json\/wp\/v2\/pages\/11691\/revisions"}],"predecessor-version":[{"id":11704,"href":"https:\/\/mcfaille.com\/index.php\/wp-json\/wp\/v2\/pages\/11691\/revisions\/11704"}],"wp:attachment":[{"href":"https:\/\/mcfaille.com\/index.php\/wp-json\/wp\/v2\/media?parent=11691"}],"curies":[{"name":"wp","href":"https:\/\/api.w.org\/{rel}","templated":true}]}}