{"id":11333,"date":"2022-01-25T17:41:00","date_gmt":"2022-01-25T22:41:00","guid":{"rendered":"https:\/\/mcfaille.com\/?page_id=11333"},"modified":"2024-10-30T15:23:08","modified_gmt":"2024-10-30T19:23:08","slug":"cycle-hormonal","status":"publish","type":"page","link":"https:\/\/mcfaille.com\/index.php\/cycle-hormonal\/","title":{"rendered":"Cycle hormonal"},"content":{"rendered":"","protected":false},"excerpt":{"rendered":"","protected":false},"author":1,"featured_media":0,"parent":0,"menu_order":0,"comment_status":"closed","ping_status":"closed","template":"","meta":{"slim_seo":{"title":"Cycle hormonal","description":"Une pause pour les femmes qui souhaitent avoir un cycle menstruel plus doux, plus r\u00e9gulier, plus pr\u00e9visible ou encore qui cherchent \u00e0 mieux comprendre l\u2019effet de leur cycle sur leur vie."},"footnotes":""},"class_list":["post-11333","page","type-page","status-publish","hentry"],"_links":{"self":[{"href":"https:\/\/mcfaille.com\/index.php\/wp-json\/wp\/v2\/pages\/11333","targetHints":{"allow":["GET"]}}],"collection":[{"href":"https:\/\/mcfaille.com\/index.php\/wp-json\/wp\/v2\/pages"}],"about":[{"href":"https:\/\/mcfaille.com\/index.php\/wp-json\/wp\/v2\/types\/page"}],"author":[{"embeddable":true,"href":"https:\/\/mcfaille.com\/index.php\/wp-json\/wp\/v2\/users\/1"}],"replies":[{"embeddable":true,"href":"https:\/\/mcfaille.com\/index.php\/wp-json\/wp\/v2\/comments?post=11333"}],"version-history":[{"count":5,"href":"https:\/\/mcfaille.com\/index.php\/wp-json\/wp\/v2\/pages\/11333\/revisions"}],"predecessor-version":[{"id":11664,"href":"https:\/\/mcfaille.com\/index.php\/wp-json\/wp\/v2\/pages\/11333\/revisions\/11664"}],"wp:attachment":[{"href":"https:\/\/mcfaille.com\/index.php\/wp-json\/wp\/v2\/media?parent=11333"}],"curies":[{"name":"wp","href":"https:\/\/api.w.org\/{rel}","templated":true}]}}