{"id":10788,"date":"2020-08-07T14:55:15","date_gmt":"2020-08-07T14:55:15","guid":{"rendered":"https:\/\/demo.goodlayers.com\/yoku\/demo1\/?page_id=10788"},"modified":"2024-10-30T15:18:40","modified_gmt":"2024-10-30T19:18:40","slug":"la-peri-menopause-menopause","status":"publish","type":"page","link":"https:\/\/mcfaille.com\/index.php\/la-peri-menopause-menopause\/","title":{"rendered":"La p\u00e9ri-m\u00e9nopause et m\u00e9nopause"},"content":{"rendered":"","protected":false},"excerpt":{"rendered":"","protected":false},"author":1,"featured_media":0,"parent":0,"menu_order":0,"comment_status":"closed","ping_status":"closed","template":"","meta":{"slim_seo":{"title":"La p\u00e9ri-m\u00e9nopause et m\u00e9nopause","description":"L\u2019acupuncture peux aider \u00e0 mieux passer au travers de cette p\u00e9riode qui occasionne son lot d\u2019adaptation et de deuils et qu\u2019il faut apprivoiser tranquillement."},"footnotes":""},"class_list":["post-10788","page","type-page","status-publish","hentry"],"_links":{"self":[{"href":"https:\/\/mcfaille.com\/index.php\/wp-json\/wp\/v2\/pages\/10788","targetHints":{"allow":["GET"]}}],"collection":[{"href":"https:\/\/mcfaille.com\/index.php\/wp-json\/wp\/v2\/pages"}],"about":[{"href":"https:\/\/mcfaille.com\/index.php\/wp-json\/wp\/v2\/types\/page"}],"author":[{"embeddable":true,"href":"https:\/\/mcfaille.com\/index.php\/wp-json\/wp\/v2\/users\/1"}],"replies":[{"embeddable":true,"href":"https:\/\/mcfaille.com\/index.php\/wp-json\/wp\/v2\/comments?post=10788"}],"version-history":[{"count":5,"href":"https:\/\/mcfaille.com\/index.php\/wp-json\/wp\/v2\/pages\/10788\/revisions"}],"predecessor-version":[{"id":11661,"href":"https:\/\/mcfaille.com\/index.php\/wp-json\/wp\/v2\/pages\/10788\/revisions\/11661"}],"wp:attachment":[{"href":"https:\/\/mcfaille.com\/index.php\/wp-json\/wp\/v2\/media?parent=10788"}],"curies":[{"name":"wp","href":"https:\/\/api.w.org\/{rel}","templated":true}]}}