{"id":10374,"date":"2020-08-03T15:53:41","date_gmt":"2020-08-03T15:53:41","guid":{"rendered":"https:\/\/demo.goodlayers.com\/yoku\/demo1\/?page_id=10374"},"modified":"2026-03-02T09:18:29","modified_gmt":"2026-03-02T14:18:29","slug":"accueil","status":"publish","type":"page","link":"https:\/\/mcfaille.com\/","title":{"rendered":"Accueil"},"content":{"rendered":"","protected":false},"excerpt":{"rendered":"","protected":false},"author":1,"featured_media":0,"parent":0,"menu_order":0,"comment_status":"closed","ping_status":"closed","template":"","meta":{"slim_seo":{"title":"Marie-Claude Faille Acupuncture","description":"Lors d\u2019une s\u00e9ance d\u2019acupuncture, vous serez \u00e9cout\u00e9, respect\u00e9 et guid\u00e9 au meilleur de ma connaissance. Une s\u00e9ance d\u2019acupuncture, c\u2019est votre moment !"},"footnotes":""},"class_list":["post-10374","page","type-page","status-publish","hentry"],"_links":{"self":[{"href":"https:\/\/mcfaille.com\/index.php\/wp-json\/wp\/v2\/pages\/10374","targetHints":{"allow":["GET"]}}],"collection":[{"href":"https:\/\/mcfaille.com\/index.php\/wp-json\/wp\/v2\/pages"}],"about":[{"href":"https:\/\/mcfaille.com\/index.php\/wp-json\/wp\/v2\/types\/page"}],"author":[{"embeddable":true,"href":"https:\/\/mcfaille.com\/index.php\/wp-json\/wp\/v2\/users\/1"}],"replies":[{"embeddable":true,"href":"https:\/\/mcfaille.com\/index.php\/wp-json\/wp\/v2\/comments?post=10374"}],"version-history":[{"count":5,"href":"https:\/\/mcfaille.com\/index.php\/wp-json\/wp\/v2\/pages\/10374\/revisions"}],"predecessor-version":[{"id":11743,"href":"https:\/\/mcfaille.com\/index.php\/wp-json\/wp\/v2\/pages\/10374\/revisions\/11743"}],"wp:attachment":[{"href":"https:\/\/mcfaille.com\/index.php\/wp-json\/wp\/v2\/media?parent=10374"}],"curies":[{"name":"wp","href":"https:\/\/api.w.org\/{rel}","templated":true}]}}